{"id":1835,"date":"2024-07-01T23:33:57","date_gmt":"2024-07-01T23:33:57","guid":{"rendered":"https:\/\/wordpress.musicadders.com\/?page_id=1835"},"modified":"2024-07-02T00:29:13","modified_gmt":"2024-07-02T00:29:13","slug":"politica-privacidad","status":"publish","type":"page","link":"https:\/\/wordpress.musicadders.com\/en\/politica-privacidad\/","title":{"rendered":"Privacy Policy"},"content":{"rendered":"<p>To ensure the protection of individual rights, especially in relation to automated data processing, and with the aim of maintaining transparency with the User, Musicadders S.L. has developed a privacy policy for its website www.musicadders.com. This policy details the data processing carried out, its purposes, the legitimacy of said processing and the rights of the User.<\/p>\n\n\n\n<p>Browsing this website implies full acceptance of the following terms and conditions of use, including the acceptance of cookies. If you do not agree, please send an email to protecciondedatos@musicadders.com.<\/p>\n\n\n\n<p>This privacy policy is the only one in effect during the use of the website, unless it is replaced by a new version.<\/p>\n\n\n\n<p>Any User who provides personal data through this website is informed of its incorporation into the files of www.musicadders.com. Musicadders S.L. is required to maintain an up-to-date record of the processing carried out with this data.<\/p>\n\n\n\n<p>For more information about personal data protection, we recommend visiting the website of the Spanish Data Protection Agency (AEPD): AEPD.<\/p>\n\n\n\n<p><strong>Data Collection<\/strong><\/p>\n\n\n\n<p>Musicadders S.L. es responsable de la recopilaci\u00f3n de tus datos.<\/p>\n\n\n\n<p>Un dato personal se refiere a cualquier informaci\u00f3n que identifique o pueda identificar a una persona f\u00edsica. Una persona es identificable cuando puede ser identificada, directa o indirectamente, a trav\u00e9s de un nombre, un n\u00famero de identificaci\u00f3n (DNI, NIF, NIE, pasaporte) u otros elementos espec\u00edficos de su identidad f\u00edsica, fisiol\u00f3gica, gen\u00e9tica, ps\u00edquica, econ\u00f3mica, cultural o social.<\/p>\n\n\n\n<p><strong>Uso de cookies<\/strong><\/p>\n\n\n\n<p>El sitio web www.musicadders.com utiliza &#8216;cookies&#8217; para ofrecer un servicio m\u00e1s personalizado y facilitar la navegaci\u00f3n, adapt\u00e1ndose a las preferencias de los usuarios. Una &#8216;cookie&#8217; es un peque\u00f1o archivo de texto que un servidor web almacena en el disco duro del usuario. Las &#8216;cookies&#8217; no pueden identificar a una persona por s\u00ed solas, ya que no contienen datos personales y no pueden ejecutar c\u00f3digo ni contener virus. La mayor\u00eda de los navegadores aceptan autom\u00e1ticamente las &#8216;cookies&#8217;, pero tambi\u00e9n es posible configurarlos para rechazarlas. En ese caso, el usuario podr\u00e1 navegar por el sitio web, pero para realizar compras en www.musicadders.com ser\u00e1 necesario que el navegador acepte las &#8216;cookies de sesi\u00f3n&#8217;, que existen solo mientras se est\u00e1 en www.musicadders.com y desaparecen al cerrar el navegador.<\/p>\n\n\n\n<p>Para m\u00e1s informaci\u00f3n sobre la configuraci\u00f3n de varios navegadores, consulta los siguientes enlaces:<\/p>\n\n\n\n<p>&#8211; <a href=\"https:\/\/support.microsoft.com\/es-es\/windows\/administrar-cookies-en-microsoft-edge-ver-permitir-bloquear-eliminar-y-usar-168dab11-0753-043d-7c16-ede5947fc64d\" title=\"\">Microsoft Internet Explorer<\/a><\/p>\n\n\n\n<p>&#8211; <a href=\"https:\/\/support.google.com\/chrome\/answer\/95647?hl=es\" title=\"\">Google Chrome <\/a><\/p>\n\n\n\n<p>&#8211; <a href=\"https:\/\/support.mozilla.org\/es\/kb\/habilitar-y-deshabilitar-cookies-sitios-web-rastrear-preferencias?redirectlocale=es&amp;redirectslug=habilitar-y-deshabilitar-cookies-que-los-sitios-we\">Mozilla Firefox<\/a> <\/p>\n\n\n\n<p>&#8211;<a href=\"https:\/\/support.apple.com\/es-es\/105082\"> Safari<\/a> <\/p>\n\n\n\n<p><strong>Finalidad del tratamiento de datos<\/strong><\/p>\n\n\n\n<p>Los datos personales recopilados por Musicadders S.L. se utilizan principalmente para gestionar la relaci\u00f3n con el usuario, ofrecer productos y servicios seg\u00fan sus intereses, mejorar la experiencia del usuario y atender sus solicitudes, peticiones o pedidos. Se puede crear un perfil comercial basado en la informaci\u00f3n proporcionada. No se tomar\u00e1n decisiones automatizadas basadas en dicho perfil.<\/p>\n\n\n\n<p>Los datos proporcionados se conservar\u00e1n mientras se mantenga la relaci\u00f3n comercial, a menos que el interesado solicite su eliminaci\u00f3n, o durante el tiempo necesario para cumplir con las obligaciones legales.<\/p>\n\n\n\n<p>Los datos se registrar\u00e1n en el archivo de clientes y su tratamiento quedar\u00e1 registrado en el registro de tratamientos de Musicadders S.L. El nombre del archivo es: LCM Client Info.<\/p>\n\n\n\n<p><strong>Legitimaci\u00f3n para el tratamiento de datos<\/strong><\/p>\n\n\n\n<p>La base legal para el tratamiento de tus datos personales es:<\/p>\n\n\n\n<p>&#8211; La correcta ejecuci\u00f3n o cumplimiento del contrato.<\/p>\n\n\n\n<p>&#8211; El inter\u00e9s leg\u00edtimo de Musicadders S.L.<\/p>\n\n\n\n<p><strong>Destinatarios de los datos<\/strong><\/p>\n\n\n\n<p>Los datos personales del Usuario pueden ser comunicados a terceros vinculados con Musicadders S.L. por contrato para realizar las tareas necesarias para la gesti\u00f3n de su cuenta como cliente, sin necesidad de autorizaci\u00f3n adicional.<\/p>\n\n\n\n<p>Tambi\u00e9n pueden comunicarse a las autoridades en caso de que el Usuario haya realizado acciones contrarias a la ley o incumplido el aviso legal.<\/p>\n\n\n\n<p>Los datos del Usuario pueden ser comunicados a otras empresas del grupo, si las hubiera, para fines administrativos internos, lo que podr\u00eda implicar un tratamiento de esos datos.<\/p>\n\n\n\n<p>Los datos personales del Usuario pueden transferirse a un tercer pa\u00eds o a una organizaci\u00f3n internacional, pero se informar\u00e1 al Usuario cuando esta transferencia se produzca, detallando las condiciones y el destinatario.<\/p>\n\n\n\n<p>Cuando algunos datos sean obligatorios para acceder a funcionalidades espec\u00edficas del sitio web, Musicadders S.L. indicar\u00e1 este car\u00e1cter obligatorio en el momento de la recopilaci\u00f3n de datos.<\/p>\n\n\n\n<p><strong>Derechos del usuario<\/strong><\/p>\n\n\n\n<p>El Usuario tiene el derecho de acceder, rectificar, cancelar y oponerse al tratamiento de sus datos personales. Tambi\u00e9n tiene derecho a la limitaci\u00f3n del tratamiento, a la eliminaci\u00f3n de datos personales, a la portabilidad de los datos y a presentar una reclamaci\u00f3n ante la AEPD (Agencia Espa\u00f1ola de Protecci\u00f3n de Datos) o el organismo competente de la respectiva Comunidad Aut\u00f3noma si no est\u00e1 satisfecho con la respuesta a sus derechos.<\/p>\n\n\n\n<p>A menos que el Usuario se oponga enviando un email a protecciondedatos@musicadders.com, sus datos podr\u00e1n ser utilizados para el env\u00edo de informaci\u00f3n comercial de Musicadders S.L.<\/p>\n\n\n\n<p>Los datos proporcionados se conservar\u00e1n mientras se mantenga la relaci\u00f3n comercial o durante el tiempo necesario para cumplir con las obligaciones legales.<\/p>\n\n\n\n<p>El Usuario es responsable de la veracidad de la informaci\u00f3n proporcionada a trav\u00e9s de esta p\u00e1gina web y debe mantenerla actualizada para que refleje la situaci\u00f3n real. Ser\u00e1 responsable de cualquier informaci\u00f3n falsa o inexacta y de los da\u00f1os y perjuicios que esto pueda causar a Musicadders S.L. o a terceros.<\/p>\n\n\n\n<p>La informaci\u00f3n se guardar\u00e1 y gestionar\u00e1 de manera confidencial, aplicando las medidas de seguridad necesarias para evitar el acceso o uso indebido de los datos, su manipulaci\u00f3n, deterioro o p\u00e9rdida.<\/p>\n\n\n\n<p>No obstante, el Usuario debe tener en cuenta que la seguridad de los sistemas inform\u00e1ticos nunca es absoluta. Al proporcionar datos personales por internet, esta informaci\u00f3n podr\u00eda ser recogida sin su consentimiento y tratada por terceros no autorizados. Musicadders S.L. declina cualquier responsabilidad por las consecuencias de estos actos si el Usuario publica la informaci\u00f3n voluntariamente.<\/p>\n\n\n\n<p>El Usuario puede ejercer sus derechos mediante una solicitud escrita y firmada, enviada a la direcci\u00f3n Avenida Sants Patrons n\u00ba 20 \u00ad1\u00ba \u00ad6\u00aa de 46.600 Alzira (Valencia), adjuntando una fotocopia del DNI o documento equivalente.<\/p>\n\n\n\n<p>Tambi\u00e9n puede enviar la solicitud al siguiente correo electr\u00f3nico: protecciondedatos@musicadders.com.<\/p>\n\n\n\n<p>Estos derechos ser\u00e1n atendidos en el plazo de un mes, ampliable a dos meses si la solicitud es compleja o se han recibido numerosas solicitudes. Todo esto sin perjuicio del deber de conservar ciertos datos conforme a los t\u00e9rminos legales y hasta que prescriban las posibles responsabilidades derivadas de un tratamiento o de una relaci\u00f3n contractual. Adem\u00e1s, en relaci\u00f3n con la normativa de protecci\u00f3n de datos, los usuarios tienen la posibilidad de organizar el destino de sus datos despu\u00e9s de su<\/p>\n\n\n\n<p><\/p>","protected":false},"excerpt":{"rendered":"<p>Para asegurar la protecci\u00f3n de los derechos individuales, especialmente en relaci\u00f3n con el tratamiento automatizado de datos, y con el objetivo de mantener la transparencia con el Usuario, Musicadders S.L. ha desarrollado una pol\u00edtica de privacidad para su sitio web www.musicadders.com. Esta pol\u00edtica detalla los tratamientos de datos realizados, sus finalidades, la legitimidad de dichos [&hellip;]<\/p>","protected":false},"author":1,"featured_media":0,"parent":0,"menu_order":0,"comment_status":"closed","ping_status":"closed","template":"elementor_theme","meta":{"site-sidebar-layout":"default","site-content-layout":"","ast-site-content-layout":"","site-content-style":"default","site-sidebar-style":"default","ast-global-header-display":"","ast-banner-title-visibility":"","ast-main-header-display":"","ast-hfb-above-header-display":"","ast-hfb-below-header-display":"","ast-hfb-mobile-header-display":"","site-post-title":"","ast-breadcrumbs-content":"","ast-featured-img":"","footer-sml-layout":"","theme-transparent-header-meta":"","adv-header-id-meta":"","stick-header-meta":"","header-above-stick-meta":"","header-main-stick-meta":"","header-below-stick-meta":"","astra-migrate-meta-layouts":"default","ast-page-background-enabled":"default","ast-page-background-meta":{"desktop":{"background-color":"var(--ast-global-color-4)","background-image":"","background-repeat":"repeat","background-position":"center center","background-size":"auto","background-attachment":"scroll","background-type":"","background-media":"","overlay-type":"","overlay-color":"","overlay-opacity":"","overlay-gradient":""},"tablet":{"background-color":"","background-image":"","background-repeat":"repeat","background-position":"center center","background-size":"auto","background-attachment":"scroll","background-type":"","background-media":"","overlay-type":"","overlay-color":"","overlay-opacity":"","overlay-gradient":""},"mobile":{"background-color":"","background-image":"","background-repeat":"repeat","background-position":"center center","background-size":"auto","background-attachment":"scroll","background-type":"","background-media":"","overlay-type":"","overlay-color":"","overlay-opacity":"","overlay-gradient":""}},"ast-content-background-meta":{"desktop":{"background-color":"var(--ast-global-color-5)","background-image":"","background-repeat":"repeat","background-position":"center center","background-size":"auto","background-attachment":"scroll","background-type":"","background-media":"","overlay-type":"","overlay-color":"","overlay-opacity":"","overlay-gradient":""},"tablet":{"background-color":"var(--ast-global-color-5)","background-image":"","background-repeat":"repeat","background-position":"center center","background-size":"auto","background-attachment":"scroll","background-type":"","background-media":"","overlay-type":"","overlay-color":"","overlay-opacity":"","overlay-gradient":""},"mobile":{"background-color":"var(--ast-global-color-5)","background-image":"","background-repeat":"repeat","background-position":"center center","background-size":"auto","background-attachment":"scroll","background-type":"","background-media":"","overlay-type":"","overlay-color":"","overlay-opacity":"","overlay-gradient":""}},"footnotes":""},"class_list":["post-1835","page","type-page","status-publish","hentry"],"aioseo_notices":[],"_links":{"self":[{"href":"https:\/\/wordpress.musicadders.com\/en\/wp-json\/wp\/v2\/pages\/1835","targetHints":{"allow":["GET"]}}],"collection":[{"href":"https:\/\/wordpress.musicadders.com\/en\/wp-json\/wp\/v2\/pages"}],"about":[{"href":"https:\/\/wordpress.musicadders.com\/en\/wp-json\/wp\/v2\/types\/page"}],"author":[{"embeddable":true,"href":"https:\/\/wordpress.musicadders.com\/en\/wp-json\/wp\/v2\/users\/1"}],"replies":[{"embeddable":true,"href":"https:\/\/wordpress.musicadders.com\/en\/wp-json\/wp\/v2\/comments?post=1835"}],"version-history":[{"count":7,"href":"https:\/\/wordpress.musicadders.com\/en\/wp-json\/wp\/v2\/pages\/1835\/revisions"}],"predecessor-version":[{"id":1846,"href":"https:\/\/wordpress.musicadders.com\/en\/wp-json\/wp\/v2\/pages\/1835\/revisions\/1846"}],"wp:attachment":[{"href":"https:\/\/wordpress.musicadders.com\/en\/wp-json\/wp\/v2\/media?parent=1835"}],"curies":[{"name":"wp","href":"https:\/\/api.w.org\/{rel}","templated":true}]}}