{"id":302,"date":"2023-08-31T11:33:18","date_gmt":"2023-08-31T11:33:18","guid":{"rendered":"http:\/\/wordpress.musicadders.com\/?page_id=302"},"modified":"2023-09-20T04:10:34","modified_gmt":"2023-09-20T04:10:34","slug":"blog","status":"publish","type":"page","link":"https:\/\/wordpress.musicadders.com\/en\/blog\/","title":{"rendered":"Blog"},"content":{"rendered":"<div data-elementor-type=\"wp-page\" data-elementor-id=\"302\" class=\"elementor elementor-302\" data-elementor-post-type=\"page\">\n\t\t\t\t\t\t<section class=\"elementor-section elementor-top-section elementor-element elementor-element-001c15c elementor-section-height-min-height elementor-section-boxed elementor-section-height-default elementor-section-items-middle\" data-id=\"001c15c\" data-element_type=\"section\" data-settings=\"{&quot;background_background&quot;:&quot;classic&quot;}\">\n\t\t\t\t\t\t\t<div class=\"elementor-background-overlay\"><\/div>\n\t\t\t\t\t\t\t<div class=\"elementor-container elementor-column-gap-no\">\n\t\t\t\t\t<div class=\"elementor-column elementor-col-100 elementor-top-column elementor-element elementor-element-6fea136\" data-id=\"6fea136\" data-element_type=\"column\">\n\t\t\t<div class=\"elementor-widget-wrap elementor-element-populated\">\n\t\t\t\t\t\t<div class=\"elementor-element elementor-element-fc6ebb2 elementor-widget elementor-widget-heading\" data-id=\"fc6ebb2\" data-element_type=\"widget\" data-widget_type=\"heading.default\">\n\t\t\t\t<div class=\"elementor-widget-container\">\n\t\t\t<style>\/*! elementor - v3.21.0 - 26-05-2024 *\/\n.elementor-heading-title{padding:0;margin:0;line-height:1}.elementor-widget-heading .elementor-heading-title[class*=elementor-size-]>a{color:inherit;font-size:inherit;line-height:inherit}.elementor-widget-heading .elementor-heading-title.elementor-size-small{font-size:15px}.elementor-widget-heading .elementor-heading-title.elementor-size-medium{font-size:19px}.elementor-widget-heading .elementor-heading-title.elementor-size-large{font-size:29px}.elementor-widget-heading .elementor-heading-title.elementor-size-xl{font-size:39px}.elementor-widget-heading .elementor-heading-title.elementor-size-xxl{font-size:59px}<\/style><h2 class=\"elementor-heading-title elementor-size-default\">BLOG<\/h2>\t\t<\/div>\n\t\t\t\t<\/div>\n\t\t\t\t<div class=\"elementor-element elementor-element-5c3dcf9 elementor-widget-divider--view-line elementor-widget elementor-widget-divider\" data-id=\"5c3dcf9\" data-element_type=\"widget\" data-widget_type=\"divider.default\">\n\t\t\t\t<div class=\"elementor-widget-container\">\n\t\t\t<style>\/*! elementor - v3.21.0 - 26-05-2024 *\/\n.elementor-widget-divider{--divider-border-style:none;--divider-border-width:1px;--divider-color:#0c0d0e;--divider-icon-size:20px;--divider-element-spacing:10px;--divider-pattern-height:24px;--divider-pattern-size:20px;--divider-pattern-url:none;--divider-pattern-repeat:repeat-x}.elementor-widget-divider .elementor-divider{display:flex}.elementor-widget-divider .elementor-divider__text{font-size:15px;line-height:1;max-width:95%}.elementor-widget-divider .elementor-divider__element{margin:0 var(--divider-element-spacing);flex-shrink:0}.elementor-widget-divider .elementor-icon{font-size:var(--divider-icon-size)}.elementor-widget-divider .elementor-divider-separator{display:flex;margin:0;direction:ltr}.elementor-widget-divider--view-line_icon .elementor-divider-separator,.elementor-widget-divider--view-line_text .elementor-divider-separator{align-items:center}.elementor-widget-divider--view-line_icon .elementor-divider-separator:after,.elementor-widget-divider--view-line_icon .elementor-divider-separator:before,.elementor-widget-divider--view-line_text .elementor-divider-separator:after,.elementor-widget-divider--view-line_text .elementor-divider-separator:before{display:block;content:\"\";border-block-end:0;flex-grow:1;border-block-start:var(--divider-border-width) var(--divider-border-style) var(--divider-color)}.elementor-widget-divider--element-align-left .elementor-divider .elementor-divider-separator>.elementor-divider__svg:first-of-type{flex-grow:0;flex-shrink:100}.elementor-widget-divider--element-align-left .elementor-divider-separator:before{content:none}.elementor-widget-divider--element-align-left .elementor-divider__element{margin-left:0}.elementor-widget-divider--element-align-right .elementor-divider .elementor-divider-separator>.elementor-divider__svg:last-of-type{flex-grow:0;flex-shrink:100}.elementor-widget-divider--element-align-right .elementor-divider-separator:after{content:none}.elementor-widget-divider--element-align-right .elementor-divider__element{margin-right:0}.elementor-widget-divider--element-align-start .elementor-divider .elementor-divider-separator>.elementor-divider__svg:first-of-type{flex-grow:0;flex-shrink:100}.elementor-widget-divider--element-align-start .elementor-divider-separator:before{content:none}.elementor-widget-divider--element-align-start .elementor-divider__element{margin-inline-start:0}.elementor-widget-divider--element-align-end .elementor-divider .elementor-divider-separator>.elementor-divider__svg:last-of-type{flex-grow:0;flex-shrink:100}.elementor-widget-divider--element-align-end .elementor-divider-separator:after{content:none}.elementor-widget-divider--element-align-end .elementor-divider__element{margin-inline-end:0}.elementor-widget-divider:not(.elementor-widget-divider--view-line_text):not(.elementor-widget-divider--view-line_icon) .elementor-divider-separator{border-block-start:var(--divider-border-width) var(--divider-border-style) var(--divider-color)}.elementor-widget-divider--separator-type-pattern{--divider-border-style:none}.elementor-widget-divider--separator-type-pattern.elementor-widget-divider--view-line .elementor-divider-separator,.elementor-widget-divider--separator-type-pattern:not(.elementor-widget-divider--view-line) .elementor-divider-separator:after,.elementor-widget-divider--separator-type-pattern:not(.elementor-widget-divider--view-line) .elementor-divider-separator:before,.elementor-widget-divider--separator-type-pattern:not([class*=elementor-widget-divider--view]) .elementor-divider-separator{width:100%;min-height:var(--divider-pattern-height);-webkit-mask-size:var(--divider-pattern-size) 100%;mask-size:var(--divider-pattern-size) 100%;-webkit-mask-repeat:var(--divider-pattern-repeat);mask-repeat:var(--divider-pattern-repeat);background-color:var(--divider-color);-webkit-mask-image:var(--divider-pattern-url);mask-image:var(--divider-pattern-url)}.elementor-widget-divider--no-spacing{--divider-pattern-size:auto}.elementor-widget-divider--bg-round{--divider-pattern-repeat:round}.rtl .elementor-widget-divider .elementor-divider__text{direction:rtl}.e-con-inner>.elementor-widget-divider,.e-con>.elementor-widget-divider{width:var(--container-widget-width,100%);--flex-grow:var(--container-widget-flex-grow)}<\/style>\t\t<div class=\"elementor-divider\">\n\t\t\t<span class=\"elementor-divider-separator\">\n\t\t\t\t\t\t<\/span>\n\t\t<\/div>\n\t\t\t\t<\/div>\n\t\t\t\t<\/div>\n\t\t\t\t\t<\/div>\n\t\t<\/div>\n\t\t\t\t\t<\/div>\n\t\t<\/section>\n\t\t\t\t<section class=\"elementor-section elementor-top-section elementor-element elementor-element-26b7373 elementor-section-boxed elementor-section-height-default elementor-section-height-default\" data-id=\"26b7373\" data-element_type=\"section\" data-settings=\"{&quot;background_background&quot;:&quot;classic&quot;}\">\n\t\t\t\t\t\t<div class=\"elementor-container elementor-column-gap-no\">\n\t\t\t\t\t<div class=\"elementor-column elementor-col-100 elementor-top-column elementor-element elementor-element-b42b70e\" data-id=\"b42b70e\" data-element_type=\"column\">\n\t\t\t<div class=\"elementor-widget-wrap elementor-element-populated\">\n\t\t\t\t\t\t<div class=\"elementor-element elementor-element-a1054e6 elementor-posts--align-left elementor-grid-3 elementor-grid-tablet-2 elementor-grid-mobile-1 elementor-posts--thumbnail-top elementor-card-shadow-yes elementor-posts__hover-gradient elementor-widget elementor-widget-posts\" data-id=\"a1054e6\" data-element_type=\"widget\" data-settings=\"{&quot;cards_row_gap&quot;:{&quot;unit&quot;:&quot;px&quot;,&quot;size&quot;:20,&quot;sizes&quot;:[]},&quot;cards_row_gap_mobile&quot;:{&quot;unit&quot;:&quot;px&quot;,&quot;size&quot;:20,&quot;sizes&quot;:[]},&quot;cards_row_gap_tablet&quot;:{&quot;unit&quot;:&quot;px&quot;,&quot;size&quot;:20,&quot;sizes&quot;:[]},&quot;cards_row_gap_tablet_extra&quot;:{&quot;unit&quot;:&quot;px&quot;,&quot;size&quot;:20,&quot;sizes&quot;:[]},&quot;cards_columns&quot;:&quot;3&quot;,&quot;cards_columns_tablet&quot;:&quot;2&quot;,&quot;cards_columns_mobile&quot;:&quot;1&quot;,&quot;cards_row_gap_widescreen&quot;:{&quot;unit&quot;:&quot;px&quot;,&quot;size&quot;:&quot;&quot;,&quot;sizes&quot;:[]},&quot;cards_row_gap_laptop&quot;:{&quot;unit&quot;:&quot;px&quot;,&quot;size&quot;:&quot;&quot;,&quot;sizes&quot;:[]},&quot;cards_row_gap_mobile_extra&quot;:{&quot;unit&quot;:&quot;px&quot;,&quot;size&quot;:&quot;&quot;,&quot;sizes&quot;:[]}}\" data-widget_type=\"posts.cards\">\n\t\t\t\t<div class=\"elementor-widget-container\">\n\t\t\t<link rel=\"stylesheet\" href=\"https:\/\/wordpress.musicadders.com\/wp-content\/plugins\/elementor-pro\/assets\/css\/widget-posts.min.css\">\t\t<div class=\"elementor-posts-container elementor-posts elementor-posts--skin-cards elementor-grid\">\n\t\t\t\t<article class=\"elementor-post elementor-grid-item post-1871 post type-post status-publish format-standard has-post-thumbnail hentry category-uncategorized\">\n\t\t\t<div class=\"elementor-post__card\">\n\t\t\t\t<a class=\"elementor-post__thumbnail__link\" href=\"https:\/\/wordpress.musicadders.com\/en\/la-revolucion-de-los-short-videos-claves-para-que-tu-cancion-sea-un-hit\/\" tabindex=\"-1\" ><div class=\"elementor-post__thumbnail\"><img fetchpriority=\"high\" decoding=\"async\" width=\"1500\" height=\"1001\" src=\"https:\/\/wordpress.musicadders.com\/wp-content\/uploads\/2024\/10\/woman-shooting-the-performance-on-her-phone-2023-11-27-05-04-55-utc-1-1.jpg\" class=\"attachment-full size-full wp-image-1872\" alt=\"\" srcset=\"https:\/\/wordpress.musicadders.com\/wp-content\/uploads\/2024\/10\/woman-shooting-the-performance-on-her-phone-2023-11-27-05-04-55-utc-1-1.jpg 1500w, https:\/\/wordpress.musicadders.com\/wp-content\/uploads\/2024\/10\/woman-shooting-the-performance-on-her-phone-2023-11-27-05-04-55-utc-1-1-300x200.jpg 300w, https:\/\/wordpress.musicadders.com\/wp-content\/uploads\/2024\/10\/woman-shooting-the-performance-on-her-phone-2023-11-27-05-04-55-utc-1-1-1024x683.jpg 1024w, https:\/\/wordpress.musicadders.com\/wp-content\/uploads\/2024\/10\/woman-shooting-the-performance-on-her-phone-2023-11-27-05-04-55-utc-1-1-768x513.jpg 768w, https:\/\/wordpress.musicadders.com\/wp-content\/uploads\/2024\/10\/woman-shooting-the-performance-on-her-phone-2023-11-27-05-04-55-utc-1-1-18x12.jpg 18w\" sizes=\"(max-width: 1500px) 100vw, 1500px\" \/><\/div><\/a>\n\t\t\t\t<div class=\"elementor-post__text\">\n\t\t\t\t<h3 class=\"elementor-post__title\">\n\t\t\t<a href=\"https:\/\/wordpress.musicadders.com\/en\/la-revolucion-de-los-short-videos-claves-para-que-tu-cancion-sea-un-hit\/\" >\n\t\t\t\tLa Revoluci\u00f3n de los Short Videos: Claves para que tu Canci\u00f3n Sea un Hit\t\t\t<\/a>\n\t\t<\/h3>\n\t\t\t\t<div class=\"elementor-post__excerpt\">\n\t\t\t<p>En los \u00faltimos a\u00f1os, las plataformas de short videos como TikTok, Instagram Reels y YouTube Shorts han cambiado radicalmente la forma en que las canciones alcanzan el \u00e9xito. Para muchos<\/p>\n\t\t<\/div>\n\t\t\t\t\t<div class=\"elementor-post__read-more-wrapper\">\n\t\t\n\t\t<a class=\"elementor-post__read-more\" href=\"https:\/\/wordpress.musicadders.com\/en\/la-revolucion-de-los-short-videos-claves-para-que-tu-cancion-sea-un-hit\/\" aria-label=\"Read more about La Revoluci\u00f3n de los Short Videos: Claves para que tu Canci\u00f3n Sea un Hit\" tabindex=\"-1\" >\n\t\t\tM\u00e1s \u00bb\t\t<\/a>\n\n\t\t\t\t\t<\/div>\n\t\t\t\t<\/div>\n\t\t\t\t<div class=\"elementor-post__meta-data\">\n\t\t\t\t\t<span class=\"elementor-post-date\">\n\t\t\tOctober 14, 2024\t\t<\/span>\n\t\t\t\t<span class=\"elementor-post-avatar\">\n\t\t\tNo Comments\t\t<\/span>\n\t\t\t\t<\/div>\n\t\t\t\t\t<\/div>\n\t\t<\/article>\n\t\t\t\t<article class=\"elementor-post elementor-grid-item post-1865 post type-post status-publish format-standard has-post-thumbnail hentry category-uncategorized\">\n\t\t\t<div class=\"elementor-post__card\">\n\t\t\t\t<a class=\"elementor-post__thumbnail__link\" href=\"https:\/\/wordpress.musicadders.com\/en\/por-que-el-pre-save-en-spotify-es-tu-mejor-aliado-para-un-lanzamiento-exitoso\/\" tabindex=\"-1\" ><div class=\"elementor-post__thumbnail\"><img decoding=\"async\" width=\"1100\" height=\"618\" src=\"https:\/\/wordpress.musicadders.com\/wp-content\/uploads\/2024\/09\/spotify-pre-save-music.avif\" class=\"attachment-full size-full wp-image-1866\" alt=\"\" srcset=\"https:\/\/wordpress.musicadders.com\/wp-content\/uploads\/2024\/09\/spotify-pre-save-music.avif 1100w, https:\/\/wordpress.musicadders.com\/wp-content\/uploads\/2024\/09\/spotify-pre-save-music-300x169.avif 300w, https:\/\/wordpress.musicadders.com\/wp-content\/uploads\/2024\/09\/spotify-pre-save-music-1024x575.avif 1024w, https:\/\/wordpress.musicadders.com\/wp-content\/uploads\/2024\/09\/spotify-pre-save-music-768x431.avif 768w, https:\/\/wordpress.musicadders.com\/wp-content\/uploads\/2024\/09\/spotify-pre-save-music-18x10.avif 18w\" sizes=\"(max-width: 1100px) 100vw, 1100px\" \/><\/div><\/a>\n\t\t\t\t<div class=\"elementor-post__text\">\n\t\t\t\t<h3 class=\"elementor-post__title\">\n\t\t\t<a href=\"https:\/\/wordpress.musicadders.com\/en\/por-que-el-pre-save-en-spotify-es-tu-mejor-aliado-para-un-lanzamiento-exitoso\/\" >\n\t\t\t\t\u00bfPor qu\u00e9 el Pre-save en Spotify es tu mejor aliado para un lanzamiento exitoso?\t\t\t<\/a>\n\t\t<\/h3>\n\t\t\t\t<div class=\"elementor-post__excerpt\">\n\t\t\t<p>En un mundo donde la m\u00fasica se consume a velocidad de clic, maximizar el impacto de tu lanzamiento es crucial para destacar entre miles de artistas. \u00bfSab\u00edas que el pre-save<\/p>\n\t\t<\/div>\n\t\t\t\t\t<div class=\"elementor-post__read-more-wrapper\">\n\t\t\n\t\t<a class=\"elementor-post__read-more\" href=\"https:\/\/wordpress.musicadders.com\/en\/por-que-el-pre-save-en-spotify-es-tu-mejor-aliado-para-un-lanzamiento-exitoso\/\" aria-label=\"Read more about \u00bfPor qu\u00e9 el Pre-save en Spotify es tu mejor aliado para un lanzamiento exitoso?\" tabindex=\"-1\" >\n\t\t\tM\u00e1s \u00bb\t\t<\/a>\n\n\t\t\t\t\t<\/div>\n\t\t\t\t<\/div>\n\t\t\t\t<div class=\"elementor-post__meta-data\">\n\t\t\t\t\t<span class=\"elementor-post-date\">\n\t\t\tSeptember 10, 2024\t\t<\/span>\n\t\t\t\t<span class=\"elementor-post-avatar\">\n\t\t\tNo Comments\t\t<\/span>\n\t\t\t\t<\/div>\n\t\t\t\t\t<\/div>\n\t\t<\/article>\n\t\t\t\t<article class=\"elementor-post elementor-grid-item post-1851 post type-post status-publish format-standard has-post-thumbnail hentry category-uncategorized\">\n\t\t\t<div class=\"elementor-post__card\">\n\t\t\t\t<a class=\"elementor-post__thumbnail__link\" href=\"https:\/\/wordpress.musicadders.com\/en\/instagram-revive-la-magia-de-compartir-musica-con-spotify\/\" tabindex=\"-1\" ><div class=\"elementor-post__thumbnail\"><img decoding=\"async\" width=\"1200\" height=\"800\" src=\"https:\/\/wordpress.musicadders.com\/wp-content\/uploads\/2024\/08\/fitness-app-phone-and-communication-while-typing-2023-11-27-05-01-12-utc-2.jpg\" class=\"attachment-full size-full wp-image-1853\" alt=\"\" srcset=\"https:\/\/wordpress.musicadders.com\/wp-content\/uploads\/2024\/08\/fitness-app-phone-and-communication-while-typing-2023-11-27-05-01-12-utc-2.jpg 1200w, https:\/\/wordpress.musicadders.com\/wp-content\/uploads\/2024\/08\/fitness-app-phone-and-communication-while-typing-2023-11-27-05-01-12-utc-2-300x200.jpg 300w, https:\/\/wordpress.musicadders.com\/wp-content\/uploads\/2024\/08\/fitness-app-phone-and-communication-while-typing-2023-11-27-05-01-12-utc-2-1024x683.jpg 1024w, https:\/\/wordpress.musicadders.com\/wp-content\/uploads\/2024\/08\/fitness-app-phone-and-communication-while-typing-2023-11-27-05-01-12-utc-2-768x512.jpg 768w, https:\/\/wordpress.musicadders.com\/wp-content\/uploads\/2024\/08\/fitness-app-phone-and-communication-while-typing-2023-11-27-05-01-12-utc-2-18x12.jpg 18w\" sizes=\"(max-width: 1200px) 100vw, 1200px\" \/><\/div><\/a>\n\t\t\t\t<div class=\"elementor-post__text\">\n\t\t\t\t<h3 class=\"elementor-post__title\">\n\t\t\t<a href=\"https:\/\/wordpress.musicadders.com\/en\/instagram-revive-la-magia-de-compartir-musica-con-spotify\/\" >\n\t\t\t\tInstagram revive la magia de compartir m\u00fasica con Spotify\t\t\t<\/a>\n\t\t<\/h3>\n\t\t\t\t<div class=\"elementor-post__excerpt\">\n\t\t\t<p>Meta est\u00e1 probando una nueva funci\u00f3n que permite a los usuarios de Instagram compartir de manera continua lo que escuchan en Spotify, trayendo de vuelta una experiencia social similar a<\/p>\n\t\t<\/div>\n\t\t\t\t\t<div class=\"elementor-post__read-more-wrapper\">\n\t\t\n\t\t<a class=\"elementor-post__read-more\" href=\"https:\/\/wordpress.musicadders.com\/en\/instagram-revive-la-magia-de-compartir-musica-con-spotify\/\" aria-label=\"Read more about Instagram revive la magia de compartir m\u00fasica con Spotify\" tabindex=\"-1\" >\n\t\t\tM\u00e1s \u00bb\t\t<\/a>\n\n\t\t\t\t\t<\/div>\n\t\t\t\t<\/div>\n\t\t\t\t<div class=\"elementor-post__meta-data\">\n\t\t\t\t\t<span class=\"elementor-post-date\">\n\t\t\tAugust 29, 2024\t\t<\/span>\n\t\t\t\t<span class=\"elementor-post-avatar\">\n\t\t\tNo Comments\t\t<\/span>\n\t\t\t\t<\/div>\n\t\t\t\t\t<\/div>\n\t\t<\/article>\n\t\t\t\t<article class=\"elementor-post elementor-grid-item post-1738 post type-post status-publish format-standard has-post-thumbnail hentry category-uncategorized\">\n\t\t\t<div class=\"elementor-post__card\">\n\t\t\t\t<a class=\"elementor-post__thumbnail__link\" href=\"https:\/\/wordpress.musicadders.com\/en\/tomate-una-cerve-con-nosotros-en-future-music-forum\/\" tabindex=\"-1\" ><div class=\"elementor-post__thumbnail\"><img loading=\"lazy\" decoding=\"async\" width=\"1280\" height=\"1280\" src=\"https:\/\/wordpress.musicadders.com\/wp-content\/uploads\/2023\/09\/FMF.jpg\" class=\"attachment-full size-full wp-image-1736\" alt=\"\" srcset=\"https:\/\/wordpress.musicadders.com\/wp-content\/uploads\/2023\/09\/FMF.jpg 1280w, https:\/\/wordpress.musicadders.com\/wp-content\/uploads\/2023\/09\/FMF-300x300.jpg 300w, https:\/\/wordpress.musicadders.com\/wp-content\/uploads\/2023\/09\/FMF-1024x1024.jpg 1024w, https:\/\/wordpress.musicadders.com\/wp-content\/uploads\/2023\/09\/FMF-150x150.jpg 150w, https:\/\/wordpress.musicadders.com\/wp-content\/uploads\/2023\/09\/FMF-768x768.jpg 768w, https:\/\/wordpress.musicadders.com\/wp-content\/uploads\/2023\/09\/FMF-12x12.jpg 12w\" sizes=\"(max-width: 1280px) 100vw, 1280px\" \/><\/div><\/a>\n\t\t\t\t<div class=\"elementor-post__text\">\n\t\t\t\t<h3 class=\"elementor-post__title\">\n\t\t\t<a href=\"https:\/\/wordpress.musicadders.com\/en\/tomate-una-cerve-con-nosotros-en-future-music-forum\/\" >\n\t\t\t\tT\u00f3mate una cerve con nosotros en Future Music Forum\t\t\t<\/a>\n\t\t<\/h3>\n\t\t\t\t<div class=\"elementor-post__excerpt\">\n\t\t\t<p>\u00a1El Future Music Forum est\u00e1 a la vuelta de la esquina! Y aqu\u00ed en MusicAdders, estamos encantados de ser uno de los partners del evento. \u00bfQu\u00e9 mejor manera de cerrar<\/p>\n\t\t<\/div>\n\t\t\t\t\t<div class=\"elementor-post__read-more-wrapper\">\n\t\t\n\t\t<a class=\"elementor-post__read-more\" href=\"https:\/\/wordpress.musicadders.com\/en\/tomate-una-cerve-con-nosotros-en-future-music-forum\/\" aria-label=\"Read more about T\u00f3mate una cerve con nosotros en Future Music Forum\" tabindex=\"-1\" >\n\t\t\tM\u00e1s \u00bb\t\t<\/a>\n\n\t\t\t\t\t<\/div>\n\t\t\t\t<\/div>\n\t\t\t\t<div class=\"elementor-post__meta-data\">\n\t\t\t\t\t<span class=\"elementor-post-date\">\n\t\t\tSeptember 25, 2023\t\t<\/span>\n\t\t\t\t<span class=\"elementor-post-avatar\">\n\t\t\tNo Comments\t\t<\/span>\n\t\t\t\t<\/div>\n\t\t\t\t\t<\/div>\n\t\t<\/article>\n\t\t\t\t<article class=\"elementor-post elementor-grid-item post-1666 post type-post status-publish format-standard has-post-thumbnail hentry category-uncategorized tag-artists tag-flamenco tag-stats\">\n\t\t\t<div class=\"elementor-post__card\">\n\t\t\t\t<a class=\"elementor-post__thumbnail__link\" href=\"https:\/\/wordpress.musicadders.com\/en\/el-verano-de-los-castros\/\" tabindex=\"-1\" ><div class=\"elementor-post__thumbnail\"><img loading=\"lazy\" decoding=\"async\" width=\"1080\" height=\"1080\" src=\"https:\/\/wordpress.musicadders.com\/wp-content\/uploads\/2023\/09\/1.jpg\" class=\"attachment-full size-full wp-image-1671\" alt=\"\" srcset=\"https:\/\/wordpress.musicadders.com\/wp-content\/uploads\/2023\/09\/1.jpg 1080w, https:\/\/wordpress.musicadders.com\/wp-content\/uploads\/2023\/09\/1-300x300.jpg 300w, https:\/\/wordpress.musicadders.com\/wp-content\/uploads\/2023\/09\/1-1024x1024.jpg 1024w, https:\/\/wordpress.musicadders.com\/wp-content\/uploads\/2023\/09\/1-150x150.jpg 150w, https:\/\/wordpress.musicadders.com\/wp-content\/uploads\/2023\/09\/1-768x768.jpg 768w, https:\/\/wordpress.musicadders.com\/wp-content\/uploads\/2023\/09\/1-12x12.jpg 12w\" sizes=\"(max-width: 1080px) 100vw, 1080px\" \/><\/div><\/a>\n\t\t\t\t<div class=\"elementor-post__text\">\n\t\t\t\t<h3 class=\"elementor-post__title\">\n\t\t\t<a href=\"https:\/\/wordpress.musicadders.com\/en\/el-verano-de-los-castros\/\" >\n\t\t\t\tEl verano de Los Castros\t\t\t<\/a>\n\t\t<\/h3>\n\t\t\t\t<div class=\"elementor-post__excerpt\">\n\t\t\t<p>No todos los d\u00edas podemos ser testigos y part\u00edcipes de una revoluci\u00f3n tan sonada como la que han protagonizado Los Castros durante los meses de julio y agosto de 2023.<\/p>\n\t\t<\/div>\n\t\t\t\t\t<div class=\"elementor-post__read-more-wrapper\">\n\t\t\n\t\t<a class=\"elementor-post__read-more\" href=\"https:\/\/wordpress.musicadders.com\/en\/el-verano-de-los-castros\/\" aria-label=\"Read more about El verano de Los Castros\" tabindex=\"-1\" >\n\t\t\tM\u00e1s \u00bb\t\t<\/a>\n\n\t\t\t\t\t<\/div>\n\t\t\t\t<\/div>\n\t\t\t\t<div class=\"elementor-post__meta-data\">\n\t\t\t\t\t<span class=\"elementor-post-date\">\n\t\t\tSeptember 14, 2023\t\t<\/span>\n\t\t\t\t<span class=\"elementor-post-avatar\">\n\t\t\tNo Comments\t\t<\/span>\n\t\t\t\t<\/div>\n\t\t\t\t\t<\/div>\n\t\t<\/article>\n\t\t\t\t<\/div>\n\t\t\n\t\t\t\t<\/div>\n\t\t\t\t<\/div>\n\t\t\t\t\t<\/div>\n\t\t<\/div>\n\t\t\t\t\t<\/div>\n\t\t<\/section>\n\t\t\t\t<\/div>","protected":false},"excerpt":{"rendered":"<p>BLOG<\/p>","protected":false},"author":1,"featured_media":0,"parent":0,"menu_order":0,"comment_status":"closed","ping_status":"closed","template":"elementor_header_footer","meta":{"site-sidebar-layout":"no-sidebar","site-content-layout":"","ast-site-content-layout":"full-width-container","site-content-style":"default","site-sidebar-style":"default","ast-global-header-display":"","ast-banner-title-visibility":"","ast-main-header-display":"","ast-hfb-above-header-display":"","ast-hfb-below-header-display":"","ast-hfb-mobile-header-display":"","site-post-title":"disabled","ast-breadcrumbs-content":"","ast-featured-img":"disabled","footer-sml-layout":"","theme-transparent-header-meta":"","adv-header-id-meta":"","stick-header-meta":"","header-above-stick-meta":"","header-main-stick-meta":"","header-below-stick-meta":"","astra-migrate-meta-layouts":"default","ast-page-background-enabled":"default","ast-page-background-meta":{"desktop":{"background-color":"var(--ast-global-color-4)","background-image":"","background-repeat":"repeat","background-position":"center center","background-size":"auto","background-attachment":"scroll","background-type":"","background-media":"","overlay-type":"","overlay-color":"","overlay-opacity":"","overlay-gradient":""},"tablet":{"background-color":"","background-image":"","background-repeat":"repeat","background-position":"center center","background-size":"auto","background-attachment":"scroll","background-type":"","background-media":"","overlay-type":"","overlay-color":"","overlay-opacity":"","overlay-gradient":""},"mobile":{"background-color":"","background-image":"","background-repeat":"repeat","background-position":"center center","background-size":"auto","background-attachment":"scroll","background-type":"","background-media":"","overlay-type":"","overlay-color":"","overlay-opacity":"","overlay-gradient":""}},"ast-content-background-meta":{"desktop":{"background-color":"var(--ast-global-color-5)","background-image":"","background-repeat":"repeat","background-position":"center center","background-size":"auto","background-attachment":"scroll","background-type":"","background-media":"","overlay-type":"","overlay-color":"","overlay-opacity":"","overlay-gradient":""},"tablet":{"background-color":"var(--ast-global-color-5)","background-image":"","background-repeat":"repeat","background-position":"center center","background-size":"auto","background-attachment":"scroll","background-type":"","background-media":"","overlay-type":"","overlay-color":"","overlay-opacity":"","overlay-gradient":""},"mobile":{"background-color":"var(--ast-global-color-5)","background-image":"","background-repeat":"repeat","background-position":"center center","background-size":"auto","background-attachment":"scroll","background-type":"","background-media":"","overlay-type":"","overlay-color":"","overlay-opacity":"","overlay-gradient":""}},"footnotes":""},"class_list":["post-302","page","type-page","status-publish","hentry"],"aioseo_notices":[],"_links":{"self":[{"href":"https:\/\/wordpress.musicadders.com\/en\/wp-json\/wp\/v2\/pages\/302","targetHints":{"allow":["GET"]}}],"collection":[{"href":"https:\/\/wordpress.musicadders.com\/en\/wp-json\/wp\/v2\/pages"}],"about":[{"href":"https:\/\/wordpress.musicadders.com\/en\/wp-json\/wp\/v2\/types\/page"}],"author":[{"embeddable":true,"href":"https:\/\/wordpress.musicadders.com\/en\/wp-json\/wp\/v2\/users\/1"}],"replies":[{"embeddable":true,"href":"https:\/\/wordpress.musicadders.com\/en\/wp-json\/wp\/v2\/comments?post=302"}],"version-history":[{"count":82,"href":"https:\/\/wordpress.musicadders.com\/en\/wp-json\/wp\/v2\/pages\/302\/revisions"}],"predecessor-version":[{"id":1796,"href":"https:\/\/wordpress.musicadders.com\/en\/wp-json\/wp\/v2\/pages\/302\/revisions\/1796"}],"wp:attachment":[{"href":"https:\/\/wordpress.musicadders.com\/en\/wp-json\/wp\/v2\/media?parent=302"}],"curies":[{"name":"wp","href":"https:\/\/api.w.org\/{rel}","templated":true}]}}